{"id":962,"date":"2019-01-25T15:25:38","date_gmt":"2019-01-25T15:25:38","guid":{"rendered":"http:\/\/acervoformiga.art.br\/acervoformiga\/?page_id=962"},"modified":"2022-10-26T00:19:57","modified_gmt":"2022-10-26T00:19:57","slug":"participar","status":"publish","type":"page","link":"http:\/\/acervoformiga.art.br\/acervoformiga\/participar\/","title":{"rendered":"Participar"},"content":{"rendered":"<h1><strong>H\u00e1 duas formas de participar do Acervo Formiga e contribuir nesse trabalho de formiguinha<\/strong><\/h1>\n<h2><strong>1. Quero incluir\/disponibilizar meu filme\/produ\u00e7\u00e3o audiovisual nessa plataforma p\u00fablica!<\/strong><\/h2>\n<p align=\"justify\">Aqui quero ser parceiro da Plataforma P\u00fablica Acervo Formiga para visibilizar meu filme em mais um lugar de busca e pesquisa, para deix\u00e1-lo mais dispon\u00edvel e acess\u00edvel \u00e0 popula\u00e7\u00e3o em geral. Aqui vou exercitar a pr\u00e1tica de universaliza\u00e7\u00e3o da obra\/produ\u00e7\u00e3o cultural f\u00edlmica e ampliar sua possibilidade de democratiza\u00e7\u00e3o a partir da interlocu\u00e7\u00e3o com pontos exibidores.<\/p>\n<p align=\"justify\">Esse formul\u00e1rio tem a inten\u00e7\u00e3o de receber os dados\/ficha t\u00e9cnica do seu filme\/produ\u00e7\u00e3o para inser\u00e7\u00e3o na plataforma p\u00fablica de filmes Acervo Formiga. O preenchendo, dentro de alguns dias, ele estar\u00e1 dispon\u00edvel para consulta e aprecia\u00e7\u00e3o dos organizadores, como tamb\u00e9m para toda a comunidade que se interesse em assistir os filmes e organizar sess\u00f5es p\u00fablicas sem fins lucrativos.<\/p>\n<p align=\"justify\"><a href=\"https:\/\/docs.google.com\/forms\/d\/e\/1FAIpQLSdqsgQEj9oZbTs_Ss5wsqxMCI32pa7qpE5BuwiEjB18cQT5Og\/viewform?usp=sf_link\"><strong>Envie seu filme\/obra audiovisual para fazer parte do Acervo Formiga<\/strong><\/a><\/p>\n<p style=\"text-align: center;\" align=\"justify\"><em>A partir do momento do envio dos dados\/ficha t\u00e9cnica, eu estou de acordo com a pol\u00edtica de disponibiliza\u00e7\u00e3o, difus\u00e3o e uso dos dados na Plataforma P\u00fablica Acervo Formiga. Para mais informa\u00e7\u00f5es sobre a pol\u00edtica de disponibiliza\u00e7\u00e3o e difus\u00e3o do Acervo acesse <a href=\"http:\/\/acervoformiga.art.br\/acervoformiga\/acervo-formiga\/\">aqui.<\/a>\u00a0Para outras d\u00favidas e esclarecimentos nos envie um e-mail:\u00a0<a href=\"mailto:contato@acervoformiga.art.br\">contato@acervoformiga.art.br<\/a>\u00a0.<\/em><\/p>\n<h2><strong>2. Acessei um filme\/obra audiovisual do Acervo para produzir\/organizar uma sess\u00e3o p\u00fablica cineclubista! (Ficha de Sess\u00e3o Cineclubista)<\/strong><\/h2>\n<p align=\"justify\">Aqui voc\u00ea pode contribuir se j\u00e1 utilizou a\u00a0Plataforma P\u00fablica Acervo Formiga como busca e pesquisa, j\u00e1 organizou uma sess\u00e3o p\u00fablica de um filme encontrado aqui e quer devolver os dados produzidos por essa movimenta\u00e7\u00e3o\/organiza\u00e7\u00e3o, afim de dar um retorno quantitativo e qualitativo \u00e0 Plataforma por meio da ficha de sess\u00e3o. Assim, voc\u00ea estar\u00e1 colaborando com o registro das atividades cineclubistas realizadas, como tamb\u00e9m da import\u00e2ncia desse trabalho e\/ou tamb\u00e9m fazendo cr\u00edticas, dando sugest\u00f5es, propondo melhorias aos servi\u00e7os prestados por esta.<\/p>\n<p align=\"justify\">Esse formul\u00e1rio tem a inten\u00e7\u00e3o de receber os dados de sess\u00e3o j\u00e1 realizada pelo produtor\/organizador da sess\u00e3o cineclubista a partir da Plataforma P\u00fablica Acervo Formiga. Tem a import\u00e2ncia de recolhar as informa\u00e7\u00f5es de cada sess\u00e3o j\u00e1 realizada para a quantifica\u00e7\u00e3o e qualifica\u00e7\u00e3o da proposta cultural e difusiva da Plafaforma. Se voc\u00ea acessou os filmes pelo Acervo Formiga e produziu\/organizou uma sess\u00e3o, por favor, entre aqui e responda o formul\u00e1rio com os dados de sess\u00e3o colhidos pela produ\u00e7\u00e3o cineclubista.<\/p>\n<p align=\"justify\"><a href=\"https:\/\/docs.google.com\/forms\/d\/1082ba23ZvnyPhxMzo-cvlKeIMPGJS07vYBKOB5w-sK0\/viewform?fbclid=IwAR0UE9G1n4L-Oe5sDVrol6fBUE1kv3kLrv5_r9FlPBGTyFMLhzKUceA2CqQ&amp;edit_requested=true\"><strong>Envie os dados de sess\u00e3o para o Acervo Formiga da sua atividade cineclubista<\/strong><\/a><\/p>\n<p align=\"justify\">\n","protected":false},"excerpt":{"rendered":"<p>H\u00e1 duas formas de participar do Acervo Formiga e contribuir nesse trabalho de formiguinha 1. Quero incluir\/disponibilizar meu filme\/produ\u00e7\u00e3o audiovisual nessa plataforma p\u00fablica! Aqui quero ser parceiro da Plataforma P\u00fablica&#8230; <\/p>\n<div class=\"link-more\"><a href=\"http:\/\/acervoformiga.art.br\/acervoformiga\/participar\/\">Ler mais<\/a><\/div>\n","protected":false},"author":3,"featured_media":0,"parent":0,"menu_order":0,"comment_status":"closed","ping_status":"closed","template":"","meta":{"_acf_changed":false,"jetpack_post_was_ever_published":false,"footnotes":""},"class_list":["post-962","page","type-page","status-publish","hentry"],"acf":[],"jetpack_sharing_enabled":true,"jetpack_shortlink":"https:\/\/wp.me\/P9F8GS-fw","jetpack_likes_enabled":false,"jetpack-related-posts":[],"_links":{"self":[{"href":"http:\/\/acervoformiga.art.br\/acervoformiga\/wp-json\/wp\/v2\/pages\/962","targetHints":{"allow":["GET"]}}],"collection":[{"href":"http:\/\/acervoformiga.art.br\/acervoformiga\/wp-json\/wp\/v2\/pages"}],"about":[{"href":"http:\/\/acervoformiga.art.br\/acervoformiga\/wp-json\/wp\/v2\/types\/page"}],"author":[{"embeddable":true,"href":"http:\/\/acervoformiga.art.br\/acervoformiga\/wp-json\/wp\/v2\/users\/3"}],"replies":[{"embeddable":true,"href":"http:\/\/acervoformiga.art.br\/acervoformiga\/wp-json\/wp\/v2\/comments?post=962"}],"version-history":[{"count":8,"href":"http:\/\/acervoformiga.art.br\/acervoformiga\/wp-json\/wp\/v2\/pages\/962\/revisions"}],"predecessor-version":[{"id":1942,"href":"http:\/\/acervoformiga.art.br\/acervoformiga\/wp-json\/wp\/v2\/pages\/962\/revisions\/1942"}],"wp:attachment":[{"href":"http:\/\/acervoformiga.art.br\/acervoformiga\/wp-json\/wp\/v2\/media?parent=962"}],"curies":[{"name":"wp","href":"https:\/\/api.w.org\/{rel}","templated":true}]}}