{"id":510,"date":"2018-02-15T00:37:09","date_gmt":"2018-02-15T00:37:09","guid":{"rendered":"http:\/\/acervoformiga.art.br\/acervoformiga\/?page_id=510"},"modified":"2025-04-20T16:18:18","modified_gmt":"2025-04-20T16:18:18","slug":"acervo-formiga","status":"publish","type":"page","link":"http:\/\/acervoformiga.art.br\/acervoformiga\/acervo-formiga\/","title":{"rendered":"Acervo Formiga"},"content":{"rendered":"<p align=\"justify\"><strong><span style=\"font-family: Helvetica Neue, Helvetica, Arial, sans-serif;\"><span style=\"font-size: medium;\">Pol\u00edtica de Acesso\/Democratiza\u00e7\u00e3o de Produ\u00e7\u00e3o e Circula\u00e7\u00e3o Cinematogr\u00e1fica.<\/span><\/span><\/strong><\/p>\n<p align=\"justify\"><span style=\"font-family: Helvetica Neue, Helvetica, Arial, sans-serif;\"><span style=\"font-size: medium;\">O Acervo P\u00fablico de Filmes Formiga \u00e9, primeiramente, uma provoca\u00e7\u00e3o \u00e0s Pol\u00edticas P\u00fablicas e Sociais do Estado, aos Governantes e ao Mercado Cinematogr\u00e1fico, mas sobretudo \u00e0s pol\u00edticas de audiovisual ao longo da hist\u00f3ria do cinema. Oferecemos nesse acervo um cat\u00e1logo p\u00fablico, aberto e coletivo de filmes, de variadas tem\u00e1ticas sociais, em sua maioria de interesse social, que est\u00e3o dispon\u00edveis para pesquisa e solicita\u00e7\u00e3o de qualquer pessoa que queira acess\u00e1-los e exibi-los, com car\u00e1ter pedag\u00f3gico e coletivo. A maioria dos filmes aqui referenciados\/catalogados j\u00e1 est\u00e3o disponibilizados na \u00edntegra em players de internet e\/ou em algum momento foram autorizados para exibi\u00e7\u00e3o p\u00fablica sem fins lucrativos. Todos os filmes nessa plataforma tem relev\u00e2ncia e interesse social.<\/span><\/span><\/p>\n<p align=\"justify\"><span style=\"font-family: Helvetica Neue, Helvetica, Arial, sans-serif;\"><span style=\"font-size: medium;\">Em segundo lugar, O Acervo P\u00fablico de Filmes Formiga tem car\u00e1ter e vi\u00e9s cineclubista em sua atua\u00e7\u00e3o e posi\u00e7\u00e3o pol\u00edtica, com a inten\u00e7\u00e3o de fomentar a realiza\u00e7\u00e3o de exibi\u00e7\u00f5es p\u00fablicas, cineclubistas e democr\u00e1ticas. Pretende colaborar com a produ\u00e7\u00e3o de acervo para a consulta e ocupa\u00e7\u00e3o de espa\u00e7os p\u00fablicos com a exibi\u00e7\u00e3o de filmes, escolas, universidades, sindicatos, centros culturais, associa\u00e7\u00f5es de qualquer natureza, pontos de cultura, comunidades, ocupa\u00e7\u00f5es, entre outras.<\/span><\/span><\/p>\n<p align=\"justify\"><img data-recalc-dims=\"1\" loading=\"lazy\" decoding=\"async\" data-attachment-id=\"799\" data-permalink=\"http:\/\/acervoformiga.art.br\/acervoformiga\/acervo-formiga\/acao-formiga-seda-2017-praca-bento-quirino\/\" data-orig-file=\"https:\/\/i0.wp.com\/acervoformiga.art.br\/acervoformiga\/wp-content\/uploads\/2019\/01\/A%C3%A7%C3%A3o-Formiga-SEDA-2017-Pra%C3%A7a-Bento-Quirino.jpg?fit=960%2C540\" data-orig-size=\"960,540\" data-comments-opened=\"1\" data-image-meta=\"{&quot;aperture&quot;:&quot;0&quot;,&quot;credit&quot;:&quot;&quot;,&quot;camera&quot;:&quot;&quot;,&quot;caption&quot;:&quot;&quot;,&quot;created_timestamp&quot;:&quot;0&quot;,&quot;copyright&quot;:&quot;&quot;,&quot;focal_length&quot;:&quot;0&quot;,&quot;iso&quot;:&quot;0&quot;,&quot;shutter_speed&quot;:&quot;0&quot;,&quot;title&quot;:&quot;&quot;,&quot;orientation&quot;:&quot;0&quot;}\" data-image-title=\"A\u00e7\u00e3o Formiga SEDA 2017 Pra\u00e7a Bento Quirino\" data-image-description=\"\" data-image-caption=\"\" data-medium-file=\"https:\/\/i0.wp.com\/acervoformiga.art.br\/acervoformiga\/wp-content\/uploads\/2019\/01\/A%C3%A7%C3%A3o-Formiga-SEDA-2017-Pra%C3%A7a-Bento-Quirino.jpg?fit=300%2C169\" data-large-file=\"https:\/\/i0.wp.com\/acervoformiga.art.br\/acervoformiga\/wp-content\/uploads\/2019\/01\/A%C3%A7%C3%A3o-Formiga-SEDA-2017-Pra%C3%A7a-Bento-Quirino.jpg?fit=960%2C540\" class=\"wp-image-799 size-medium_large aligncenter\" src=\"https:\/\/i0.wp.com\/acervoformiga.art.br\/acervoformiga\/wp-content\/uploads\/2019\/01\/A%C3%A7%C3%A3o-Formiga-SEDA-2017-Pra%C3%A7a-Bento-Quirino.jpg?resize=768%2C432\" alt=\"\" width=\"768\" height=\"432\" srcset=\"https:\/\/i0.wp.com\/acervoformiga.art.br\/acervoformiga\/wp-content\/uploads\/2019\/01\/A%C3%A7%C3%A3o-Formiga-SEDA-2017-Pra%C3%A7a-Bento-Quirino.jpg?resize=768%2C432 768w, https:\/\/i0.wp.com\/acervoformiga.art.br\/acervoformiga\/wp-content\/uploads\/2019\/01\/A%C3%A7%C3%A3o-Formiga-SEDA-2017-Pra%C3%A7a-Bento-Quirino.jpg?resize=300%2C169 300w, https:\/\/i0.wp.com\/acervoformiga.art.br\/acervoformiga\/wp-content\/uploads\/2019\/01\/A%C3%A7%C3%A3o-Formiga-SEDA-2017-Pra%C3%A7a-Bento-Quirino.jpg?w=960 960w, https:\/\/i0.wp.com\/acervoformiga.art.br\/acervoformiga\/wp-content\/uploads\/2019\/01\/A%C3%A7%C3%A3o-Formiga-SEDA-2017-Pra%C3%A7a-Bento-Quirino.jpg?resize=533%2C300 533w\" sizes=\"auto, (max-width: 768px) 100vw, 768px\" \/><\/p>\n<p align=\"justify\"><strong><span style=\"font-family: Helvetica Neue, Helvetica, Arial, sans-serif;\"><span style=\"font-size: medium;\">Fazendo Valer a Legisla\u00e7\u00e3o<\/span><\/span><\/strong><\/p>\n<p align=\"justify\"><span style=\"font-family: Helvetica Neue, Helvetica, Arial, sans-serif;\"><span style=\"font-size: medium;\">O uso p\u00fablico e coletivo de obras audiovisuais, de mem\u00f3ria, mapeamento e pesquisa, tem embasamento legal quando: <\/span><\/span><\/p>\n<p align=\"justify\"><span style=\"font-family: Helvetica Neue, Helvetica, Arial, sans-serif;\"><span style=\"font-size: medium;\">1. Os filmes tem investimento p\u00fablico (parcial ou total), se conformando contrapartida social a libera\u00e7\u00e3o para exibi\u00e7\u00f5es p\u00fablicas da obra audiovisual. Estes podem ser utilizados publicamente, sem fins lucrativos; <\/span><\/span><\/p>\n<p align=\"justify\"><span style=\"font-family: Helvetica Neue, Helvetica, Arial, sans-serif;\"><span style=\"font-size: medium;\">2. Quando o autor entende a obra com uma licen\u00e7a p\u00fablica\/aberta: copy left, creative commons, entre outras ; <\/span><\/span><\/p>\n<p align=\"justify\"><span style=\"font-family: Helvetica Neue, Helvetica, Arial, sans-serif;\"><span style=\"font-size: medium;\">3. Quando o pr\u00f3prio autor\/produtor a disponibiliza na web para fins de acesso e aprecia\u00e7\u00e3o da obra a um maior n\u00famero de pessoas, tamb\u00e9m podendo ser utilizada para fins de interesse p\u00fablico, sem fins lucrativos; <\/span><\/span><\/p>\n<p align=\"justify\"><span style=\"font-family: Helvetica Neue, Helvetica, Arial, sans-serif;\"><span style=\"font-size: medium;\">4. Quando o autor autoriza o uso para exibi\u00e7\u00f5es p\u00fablicas e sem fins lucrativos para os exibidores;<\/span><\/span><\/p>\n<p align=\"justify\"><span style=\"font-family: Helvetica Neue, Helvetica, Arial, sans-serif;\"><span style=\"font-size: medium;\">A Lei 13.006 de 2014 acrescenta a legisla\u00e7\u00e3o das Leis e Diretrizes B\u00e1sicas da Educa\u00e7\u00e3o \u201cArt. 26 da Lei n\u00ba 9.394\u201d, que recorre sobre a obrigatoriedade de escolas p\u00fablicas e\/ou em espa\u00e7os educacionais a inclu\u00edrem, em seu projeto pol\u00edtico pedag\u00f3gico, a exibi\u00e7\u00e3o de no m\u00ednimo duas horas (02 horas) de cinema nacional por m\u00eas. A pergunta que fica \u00e9: qual cinema brasileiro est\u00e1 indo para as escolas? Existe algum cinema brasileiro que est\u00e1 chegando nas escolas?.<\/span><\/span><\/p>\n<p align=\"justify\"><span style=\"font-family: Helvetica Neue, Helvetica, Arial, sans-serif;\"><span style=\"font-size: medium;\">O Acervo P\u00fablico de Filmes Formiga visa promover de forma descentralizada e aut\u00f4noma incentivo ao acesso \u00e0 produ\u00e7\u00f5es audiovisuais e filmes de diferentes nichos e circuitos, para atores e agentes sociais que se proponham a utiliz\u00e1-los para gerar discuss\u00f5es, debates e constru\u00e7\u00e3o do conhecimento coletivo em variadas tem\u00e1ticas sociais. Entre elas est\u00e3o: classe, ra\u00e7a, g\u00eanero, etnia, sa\u00fade e pol\u00edticas de cuidado, educa\u00e7\u00e3o, seguran\u00e7a p\u00fablica e pol\u00edticas de encarceramento, juventude, religi\u00e3o, pol\u00edtica, comunica\u00e7\u00e3o e arte, moradia e luta pela terra, mobilidade urbana, direito \u00e0 cidade, territ\u00f3rios, entre outros temas transversais dentro do campo social.<\/span><\/span><\/p>\n<p align=\"justify\"><span style=\"font-family: Helvetica Neue, Helvetica, Arial, sans-serif;\"><span style=\"font-size: medium;\">Esse acervo, que se apresenta dispon\u00edvel a quem queira\/necessite colaborar com a circula\u00e7\u00e3o de outras refer\u00eancias f\u00edlmicas, e outras interpreta\u00e7\u00f5es de realidade que normalmente n\u00e3o circulam para um grande n\u00famero de pessoas. Ou seja, filmes que existem, mas que n\u00e3o s\u00e3o conhecidos, mapeados e encontrados. O exerc\u00edcio desse acervo \u00e9 o de romper com as m\u00faltiplas invisibilidades e marginaliza\u00e7\u00f5es de temas sociais e de protagonistas que se expressam a partir do audiovisual. Tem a inten\u00e7\u00e3o de proporcionar mais uma ferramenta e via de acesso \u00e0 democratiza\u00e7\u00e3o do conhecimento audiovisual advindo do cinema brasileiro, sobretudo aos cinemas alternativos, independentes, populares e marginais que n\u00e3o encontram espa\u00e7o no main stream. <\/span><\/span><\/p>\n<p align=\"justify\"><span style=\"font-family: Helvetica Neue, Helvetica, Arial, sans-serif;\"><span style=\"font-size: medium;\">Tem a premissa tamb\u00e9m de criar uma refer\u00eancia de pol\u00edtica p\u00fablica para os atores e respons\u00e1veis governamentais do setor, trabalhadores de audiovisual e festivais de cinema, como tamb\u00e9m ampliar a reflex\u00e3o sobre as novas din\u00e2micas que as plataformas de distribui\u00e7\u00e3o vem expressando dentro e fora do mercado cinematogr\u00e1fico. Enfim, buscamos construir processos coletivos mais acess\u00edveis, populares, sociais e colaborativos. =D<\/span><\/span><\/p>\n<p align=\"justify\"><span style=\"font-family: Helvetica Neue, Helvetica, Arial, sans-serif;\"><span style=\"font-size: medium;\"><img data-recalc-dims=\"1\" loading=\"lazy\" decoding=\"async\" data-attachment-id=\"746\" data-permalink=\"http:\/\/acervoformiga.art.br\/acervoformiga\/acervo-formiga\/fotoformiga\/\" data-orig-file=\"https:\/\/i0.wp.com\/acervoformiga.art.br\/acervoformiga\/wp-content\/uploads\/2019\/01\/fotoformiga.png?fit=1606%2C1087\" data-orig-size=\"1606,1087\" data-comments-opened=\"1\" data-image-meta=\"{&quot;aperture&quot;:&quot;0&quot;,&quot;credit&quot;:&quot;&quot;,&quot;camera&quot;:&quot;&quot;,&quot;caption&quot;:&quot;&quot;,&quot;created_timestamp&quot;:&quot;0&quot;,&quot;copyright&quot;:&quot;&quot;,&quot;focal_length&quot;:&quot;0&quot;,&quot;iso&quot;:&quot;0&quot;,&quot;shutter_speed&quot;:&quot;0&quot;,&quot;title&quot;:&quot;&quot;,&quot;orientation&quot;:&quot;0&quot;}\" data-image-title=\"fotoformiga\" data-image-description=\"\" data-image-caption=\"\" data-medium-file=\"https:\/\/i0.wp.com\/acervoformiga.art.br\/acervoformiga\/wp-content\/uploads\/2019\/01\/fotoformiga.png?fit=300%2C203\" data-large-file=\"https:\/\/i0.wp.com\/acervoformiga.art.br\/acervoformiga\/wp-content\/uploads\/2019\/01\/fotoformiga.png?fit=1000%2C677\" class=\"alignnone wp-image-746 size-full\" src=\"https:\/\/i0.wp.com\/acervoformiga.art.br\/acervoformiga\/wp-content\/uploads\/2019\/01\/fotoformiga.png?resize=1000%2C677\" alt=\"\" width=\"1000\" height=\"677\" srcset=\"https:\/\/i0.wp.com\/acervoformiga.art.br\/acervoformiga\/wp-content\/uploads\/2019\/01\/fotoformiga.png?w=1606 1606w, https:\/\/i0.wp.com\/acervoformiga.art.br\/acervoformiga\/wp-content\/uploads\/2019\/01\/fotoformiga.png?resize=300%2C203 300w, https:\/\/i0.wp.com\/acervoformiga.art.br\/acervoformiga\/wp-content\/uploads\/2019\/01\/fotoformiga.png?resize=768%2C520 768w, https:\/\/i0.wp.com\/acervoformiga.art.br\/acervoformiga\/wp-content\/uploads\/2019\/01\/fotoformiga.png?resize=1024%2C693 1024w, https:\/\/i0.wp.com\/acervoformiga.art.br\/acervoformiga\/wp-content\/uploads\/2019\/01\/fotoformiga.png?resize=443%2C300 443w\" sizes=\"auto, (max-width: 1000px) 100vw, 1000px\" \/><\/span><\/span><\/p>\n<p align=\"justify\">\n","protected":false},"excerpt":{"rendered":"<p>Pol\u00edtica de Acesso\/Democratiza\u00e7\u00e3o de Produ\u00e7\u00e3o e Circula\u00e7\u00e3o Cinematogr\u00e1fica. O Acervo P\u00fablico de Filmes Formiga \u00e9, primeiramente, uma provoca\u00e7\u00e3o \u00e0s Pol\u00edticas P\u00fablicas e Sociais do Estado, aos Governantes e ao Mercado&#8230; <\/p>\n<div class=\"link-more\"><a href=\"http:\/\/acervoformiga.art.br\/acervoformiga\/acervo-formiga\/\">Ler mais<\/a><\/div>\n","protected":false},"author":1,"featured_media":0,"parent":0,"menu_order":0,"comment_status":"closed","ping_status":"closed","template":"","meta":{"_acf_changed":false,"jetpack_post_was_ever_published":false,"footnotes":""},"class_list":["post-510","page","type-page","status-publish","hentry"],"acf":[],"jetpack_sharing_enabled":true,"jetpack_shortlink":"https:\/\/wp.me\/P9F8GS-8e","jetpack_likes_enabled":false,"jetpack-related-posts":[],"_links":{"self":[{"href":"http:\/\/acervoformiga.art.br\/acervoformiga\/wp-json\/wp\/v2\/pages\/510","targetHints":{"allow":["GET"]}}],"collection":[{"href":"http:\/\/acervoformiga.art.br\/acervoformiga\/wp-json\/wp\/v2\/pages"}],"about":[{"href":"http:\/\/acervoformiga.art.br\/acervoformiga\/wp-json\/wp\/v2\/types\/page"}],"author":[{"embeddable":true,"href":"http:\/\/acervoformiga.art.br\/acervoformiga\/wp-json\/wp\/v2\/users\/1"}],"replies":[{"embeddable":true,"href":"http:\/\/acervoformiga.art.br\/acervoformiga\/wp-json\/wp\/v2\/comments?post=510"}],"version-history":[{"count":18,"href":"http:\/\/acervoformiga.art.br\/acervoformiga\/wp-json\/wp\/v2\/pages\/510\/revisions"}],"predecessor-version":[{"id":2248,"href":"http:\/\/acervoformiga.art.br\/acervoformiga\/wp-json\/wp\/v2\/pages\/510\/revisions\/2248"}],"wp:attachment":[{"href":"http:\/\/acervoformiga.art.br\/acervoformiga\/wp-json\/wp\/v2\/media?parent=510"}],"curies":[{"name":"wp","href":"https:\/\/api.w.org\/{rel}","templated":true}]}}