{"id":2167,"date":"2025-02-11T22:06:14","date_gmt":"2025-02-11T22:06:14","guid":{"rendered":"https:\/\/acervoformiga.art.br\/acervoformiga\/?page_id=2167"},"modified":"2025-02-11T22:06:14","modified_gmt":"2025-02-11T22:06:14","slug":"cine-palestina","status":"publish","type":"page","link":"http:\/\/acervoformiga.art.br\/acervoformiga\/cine-palestina\/","title":{"rendered":"Cine Palestina"},"content":{"rendered":"\n<p>Fronteiras e experi\u00eancias distantes que se encontram por meio do cinema. Os filmes catalogados s\u00e3o frutos de parcerias com festivais, mostras e o Cineclube &amp; Acervo Formiga. Nossa proposta \u00e9 incentivar mais a\u00e7\u00f5es de exibi\u00e7\u00e3o com essas produ\u00e7\u00f5es que nos possibilita acessar narrativas e viv\u00eancias do contexto palestino. As obras coletivas chegaram ao Brasil por meio da <a href=\"https:\/\/www.cinemaarabefeminino.com\/wp-content\/uploads\/2023\/05\/MCAF3_Catalogo_Aprovado.pdf\">3\u00ba Mostra de Cinema \u00c1rabe Feminino <\/a>e circulou tamb\u00e9m pela <a href=\"https:\/\/www.nanduticine.com\/mostra-de-cinema-feminino-da-palestina\" data-type=\"link\" data-id=\"https:\/\/www.nanduticine.com\/mostra-de-cinema-feminino-da-palestina\">Mostra de Cinema Feminino da Palestina<\/a>. Somos gratos a essas iniciativas e a\u00e7\u00f5es coletivas&#8230;<\/p>\n\n\n\n<p><\/p>\n","protected":false},"excerpt":{"rendered":"<p>Fronteiras e experi\u00eancias distantes que se encontram por meio do cinema. Os filmes catalogados s\u00e3o frutos de parcerias com festivais, mostras e o Cineclube &amp; Acervo Formiga. Nossa proposta \u00e9&#8230; <\/p>\n<div class=\"link-more\"><a href=\"http:\/\/acervoformiga.art.br\/acervoformiga\/cine-palestina\/\">Ler mais<\/a><\/div>\n","protected":false},"author":4,"featured_media":0,"parent":0,"menu_order":0,"comment_status":"closed","ping_status":"closed","template":"","meta":{"_acf_changed":false,"jetpack_post_was_ever_published":false,"footnotes":""},"class_list":["post-2167","page","type-page","status-publish","hentry"],"acf":[],"jetpack_sharing_enabled":true,"jetpack_shortlink":"https:\/\/wp.me\/P9F8GS-yX","jetpack_likes_enabled":false,"jetpack-related-posts":[],"_links":{"self":[{"href":"http:\/\/acervoformiga.art.br\/acervoformiga\/wp-json\/wp\/v2\/pages\/2167","targetHints":{"allow":["GET"]}}],"collection":[{"href":"http:\/\/acervoformiga.art.br\/acervoformiga\/wp-json\/wp\/v2\/pages"}],"about":[{"href":"http:\/\/acervoformiga.art.br\/acervoformiga\/wp-json\/wp\/v2\/types\/page"}],"author":[{"embeddable":true,"href":"http:\/\/acervoformiga.art.br\/acervoformiga\/wp-json\/wp\/v2\/users\/4"}],"replies":[{"embeddable":true,"href":"http:\/\/acervoformiga.art.br\/acervoformiga\/wp-json\/wp\/v2\/comments?post=2167"}],"version-history":[{"count":1,"href":"http:\/\/acervoformiga.art.br\/acervoformiga\/wp-json\/wp\/v2\/pages\/2167\/revisions"}],"predecessor-version":[{"id":2168,"href":"http:\/\/acervoformiga.art.br\/acervoformiga\/wp-json\/wp\/v2\/pages\/2167\/revisions\/2168"}],"wp:attachment":[{"href":"http:\/\/acervoformiga.art.br\/acervoformiga\/wp-json\/wp\/v2\/media?parent=2167"}],"curies":[{"name":"wp","href":"https:\/\/api.w.org\/{rel}","templated":true}]}}