{"id":1363,"date":"2020-03-26T22:50:39","date_gmt":"2020-03-26T22:50:39","guid":{"rendered":"http:\/\/acervoformiga.art.br\/acervoformiga\/?page_id=1363"},"modified":"2020-09-21T22:30:59","modified_gmt":"2020-09-21T22:30:59","slug":"icine","status":"publish","type":"page","link":"http:\/\/acervoformiga.art.br\/acervoformiga\/icine\/","title":{"rendered":"ICINE"},"content":{"rendered":"<p align=\"justify\">As artes s\u00e3o fruto de gest\u00f5es coletivas de nossos afetos. A sobreviv\u00eancia comunit\u00e1ria como condi\u00e7\u00e3o humana. Esses pensamentos que nos juntam enquanto formigas, transitando e trocando rela\u00e7\u00f5es nos rastros de nossos sentimentos. O ICINE, trama essas rela\u00e7\u00f5es potentes de mulheres negras e outras feminilidades do interior brasileiro relacionando com os tr\u00e2nsitos de masculinidades e outras subjetividades que desviam a norma imposta. S\u00e3o pessoas que se juntam para VIVERARTE, sentir e circular os afetos por dispositivos com experi\u00eancias audiovisuais. O Acervo Formiga, \u00e9 apenas mais uma forma das muit@s corporeidades que se comunicam com o cinema nos sert\u00f5es a\u00ed a fora&#8230;Acessem, curtam e troquem essas experi\u00eancias. No site, encontra-se o link direto para o filme ou tamb\u00e9m nossos contatos para solicitar o seu envio.<\/p>\n<p style=\"text-align: center;\"><strong>ICine &#8211; F\u00f3rum de Cinema do Interior Paulista<\/strong><\/p>\n<p align=\"justify\">Somos uma entidade criada em 2019 para a organiza\u00e7\u00e3o e fomento da atividade cinematogr\u00e1fica no interior de S\u00e3o Paulo, e representamos uma rede de produtores, cineastas e exibidores presentes em 21 munic\u00edpios do estado. Surgimos do recente movimento de descentraliza\u00e7\u00e3o do audiovisual no Brasil e da necessidade de dar protagonismo ao interior de S\u00e3o Paulo, regi\u00e3o historicamente situada \u00e0 sombra da capital no que tange \u00e0 produ\u00e7\u00e3o cultural e \u00e0 formula\u00e7\u00e3o de pol\u00edticas p\u00fablicas que atendam \u00e0s necessidades espec\u00edficas do territ\u00f3rio que ocupamos &#8211; e pertencemos. Buscamos abrir, por essa via, novas possibilidades est\u00e9ticas e tem\u00e1ticas, jogando luz \u00e0s quest\u00f5es do povo interiorano e rompendo com um ciclo de invisibilidade a que fomos submetidos, seja pela dist\u00e2ncia dos centros midi\u00e1ticos e administrativos do estado, seja pela falta de telas para que nos reconhe\u00e7amos &#8211; ou sejamos reconhecidos. Atrav\u00e9s do audiovisual, trabalhamos pela forma\u00e7\u00e3o de uma identidade cultural emancipadora, que ultrapasse a figura estigmatizada do caipira, em sua forma reducionista, a quem \u00e9 negada a complexidade. Entendendo a import\u00e2ncia da economia criativa no s\u00e9culo XXI, enxergamos no audiovisual a possibilidade de criar uma nova voca\u00e7\u00e3o econ\u00f4mica para um territ\u00f3rio hist\u00f3rico e predominantemente ligado \u00e0 produ\u00e7\u00e3o de <i>commodities<\/i> e produtos prim\u00e1rios. Sintetizamos, em imagem e som, paisagens inexploradas, personagens n\u00e3o reconhecidos e hist\u00f3rias ainda n\u00e3o contadas. O interior \u00e9 potente, e cinematogr\u00e1fico. ICine.<\/p>\n<p align=\"justify\">A disponibiliza\u00e7\u00e3o dos filmes nesse acervo \u00e9 reflexo da parceria entre o Coletivo de Formigas e todas\/os as rela\u00e7\u00f5es constru\u00eddas nessa articula\u00e7\u00e3o do Cinema do Interior Paulista.<\/p>\n<p>&nbsp;<\/p>\n<p><img data-recalc-dims=\"1\" loading=\"lazy\" decoding=\"async\" data-attachment-id=\"1459\" data-permalink=\"http:\/\/acervoformiga.art.br\/acervoformiga\/icine\/icine-2\/\" data-orig-file=\"https:\/\/i0.wp.com\/acervoformiga.art.br\/acervoformiga\/wp-content\/uploads\/2020\/05\/Icine.jpg?fit=2048%2C980\" data-orig-size=\"2048,980\" data-comments-opened=\"1\" data-image-meta=\"{&quot;aperture&quot;:&quot;0&quot;,&quot;credit&quot;:&quot;&quot;,&quot;camera&quot;:&quot;&quot;,&quot;caption&quot;:&quot;&quot;,&quot;created_timestamp&quot;:&quot;0&quot;,&quot;copyright&quot;:&quot;&quot;,&quot;focal_length&quot;:&quot;0&quot;,&quot;iso&quot;:&quot;0&quot;,&quot;shutter_speed&quot;:&quot;0&quot;,&quot;title&quot;:&quot;&quot;,&quot;orientation&quot;:&quot;0&quot;}\" data-image-title=\"Icine\" data-image-description=\"\" data-image-caption=\"\" data-medium-file=\"https:\/\/i0.wp.com\/acervoformiga.art.br\/acervoformiga\/wp-content\/uploads\/2020\/05\/Icine.jpg?fit=300%2C144\" data-large-file=\"https:\/\/i0.wp.com\/acervoformiga.art.br\/acervoformiga\/wp-content\/uploads\/2020\/05\/Icine.jpg?fit=1000%2C479\" class=\"aligncenter size-dyad-featured-image-horz wp-image-1459\" src=\"https:\/\/i0.wp.com\/acervoformiga.art.br\/acervoformiga\/wp-content\/uploads\/2020\/05\/Icine.jpg?resize=960%2C640\" alt=\"\" width=\"960\" height=\"640\" srcset=\"https:\/\/i0.wp.com\/acervoformiga.art.br\/acervoformiga\/wp-content\/uploads\/2020\/05\/Icine.jpg?resize=960%2C640 960w, https:\/\/i0.wp.com\/acervoformiga.art.br\/acervoformiga\/wp-content\/uploads\/2020\/05\/Icine.jpg?zoom=2&amp;resize=960%2C640 1920w\" sizes=\"auto, (max-width: 960px) 100vw, 960px\" \/><\/p>\n<p>&nbsp;<\/p>\n<p>&nbsp;<\/p>\n","protected":false},"excerpt":{"rendered":"<p>As artes s\u00e3o fruto de gest\u00f5es coletivas de nossos afetos. A sobreviv\u00eancia comunit\u00e1ria como condi\u00e7\u00e3o humana. Esses pensamentos que nos juntam enquanto formigas, transitando e trocando rela\u00e7\u00f5es nos rastros de&#8230; <\/p>\n<div class=\"link-more\"><a href=\"http:\/\/acervoformiga.art.br\/acervoformiga\/icine\/\">Ler mais<\/a><\/div>\n","protected":false},"author":4,"featured_media":0,"parent":0,"menu_order":0,"comment_status":"closed","ping_status":"closed","template":"","meta":{"_acf_changed":false,"jetpack_post_was_ever_published":false,"footnotes":""},"class_list":["post-1363","page","type-page","status-publish","hentry"],"acf":[],"jetpack_sharing_enabled":true,"jetpack_shortlink":"https:\/\/wp.me\/P9F8GS-lZ","jetpack_likes_enabled":false,"jetpack-related-posts":[],"_links":{"self":[{"href":"http:\/\/acervoformiga.art.br\/acervoformiga\/wp-json\/wp\/v2\/pages\/1363","targetHints":{"allow":["GET"]}}],"collection":[{"href":"http:\/\/acervoformiga.art.br\/acervoformiga\/wp-json\/wp\/v2\/pages"}],"about":[{"href":"http:\/\/acervoformiga.art.br\/acervoformiga\/wp-json\/wp\/v2\/types\/page"}],"author":[{"embeddable":true,"href":"http:\/\/acervoformiga.art.br\/acervoformiga\/wp-json\/wp\/v2\/users\/4"}],"replies":[{"embeddable":true,"href":"http:\/\/acervoformiga.art.br\/acervoformiga\/wp-json\/wp\/v2\/comments?post=1363"}],"version-history":[{"count":9,"href":"http:\/\/acervoformiga.art.br\/acervoformiga\/wp-json\/wp\/v2\/pages\/1363\/revisions"}],"predecessor-version":[{"id":1562,"href":"http:\/\/acervoformiga.art.br\/acervoformiga\/wp-json\/wp\/v2\/pages\/1363\/revisions\/1562"}],"wp:attachment":[{"href":"http:\/\/acervoformiga.art.br\/acervoformiga\/wp-json\/wp\/v2\/media?parent=1363"}],"curies":[{"name":"wp","href":"https:\/\/api.w.org\/{rel}","templated":true}]}}